{"id":938,"date":"2026-04-22T20:43:48","date_gmt":"2026-04-22T18:43:48","guid":{"rendered":"http:\/\/tiszaalparise.hu\/?page_id=938"},"modified":"2026-04-22T20:43:48","modified_gmt":"2026-04-22T18:43:48","slug":"tao-2026-2027-labdarugas","status":"publish","type":"page","link":"http:\/\/tiszaalparise.hu\/?page_id=938","title":{"rendered":"TAO &#8211; 2026\/2027 &#8211; Labdar\u00fag\u00e1s"},"content":{"rendered":"\n<div data-wp-interactive=\"core\/file\" class=\"wp-block-file\"><object data-wp-bind--hidden=\"!state.hasPdfPreview\" hidden class=\"wp-block-file__embed\" data=\"http:\/\/tiszaalparise.hu\/wp-content\/uploads\/2026\/04\/SFP-labdarugas-2026-27-jovahagyo-hatarozat.pdf\" type=\"application\/pdf\" style=\"width:100%;height:600px\" aria-label=\"SFP labdar\u00fag\u00e1s 2026-27 j\u00f3v\u00e1hagy\u00f3 hat\u00e1rozat be\u00e1gyaz\u00e1sa\"><\/object><a id=\"wp-block-file--media-5576fec2-0cb5-45f5-ae6c-9495c36d942b\" href=\"http:\/\/tiszaalparise.hu\/wp-content\/uploads\/2026\/04\/SFP-labdarugas-2026-27-jovahagyo-hatarozat.pdf\">SFP labdar\u00fag\u00e1s 2026-27 j\u00f3v\u00e1hagy\u00f3 hat\u00e1rozat<\/a><a href=\"http:\/\/tiszaalparise.hu\/wp-content\/uploads\/2026\/04\/SFP-labdarugas-2026-27-jovahagyo-hatarozat.pdf\" class=\"wp-block-file__button wp-element-button\" download aria-describedby=\"wp-block-file--media-5576fec2-0cb5-45f5-ae6c-9495c36d942b\">Let\u00f6lt\u00e9s<\/a><\/div>\n\n\n\n<div data-wp-interactive=\"core\/file\" class=\"wp-block-file\"><object data-wp-bind--hidden=\"!state.hasPdfPreview\" hidden class=\"wp-block-file__embed\" data=\"http:\/\/tiszaalparise.hu\/wp-content\/uploads\/2026\/04\/SFP-labdarugas-2026-27.pdf\" type=\"application\/pdf\" style=\"width:100%;height:600px\" aria-label=\"SFP labdar\u00fag\u00e1s 2026-27 be\u00e1gyaz\u00e1sa\"><\/object><a id=\"wp-block-file--media-23c3671d-14d8-4dd6-96bf-bf0d62a3716b\" href=\"http:\/\/tiszaalparise.hu\/wp-content\/uploads\/2026\/04\/SFP-labdarugas-2026-27.pdf\">SFP labdar\u00fag\u00e1s 2026-27<\/a><a href=\"http:\/\/tiszaalparise.hu\/wp-content\/uploads\/2026\/04\/SFP-labdarugas-2026-27.pdf\" class=\"wp-block-file__button wp-element-button\" download aria-describedby=\"wp-block-file--media-23c3671d-14d8-4dd6-96bf-bf0d62a3716b\">Let\u00f6lt\u00e9s<\/a><\/div>\n","protected":false},"excerpt":{"rendered":"","protected":false},"author":178,"featured_media":0,"parent":0,"menu_order":0,"comment_status":"closed","ping_status":"closed","template":"","meta":{"colormag_page_container_layout":"default_layout","colormag_page_sidebar_layout":"default_layout","footnotes":""},"class_list":["post-938","page","type-page","status-publish","hentry"],"_links":{"self":[{"href":"http:\/\/tiszaalparise.hu\/index.php?rest_route=\/wp\/v2\/pages\/938","targetHints":{"allow":["GET"]}}],"collection":[{"href":"http:\/\/tiszaalparise.hu\/index.php?rest_route=\/wp\/v2\/pages"}],"about":[{"href":"http:\/\/tiszaalparise.hu\/index.php?rest_route=\/wp\/v2\/types\/page"}],"author":[{"embeddable":true,"href":"http:\/\/tiszaalparise.hu\/index.php?rest_route=\/wp\/v2\/users\/178"}],"replies":[{"embeddable":true,"href":"http:\/\/tiszaalparise.hu\/index.php?rest_route=%2Fwp%2Fv2%2Fcomments&post=938"}],"version-history":[{"count":1,"href":"http:\/\/tiszaalparise.hu\/index.php?rest_route=\/wp\/v2\/pages\/938\/revisions"}],"predecessor-version":[{"id":940,"href":"http:\/\/tiszaalparise.hu\/index.php?rest_route=\/wp\/v2\/pages\/938\/revisions\/940"}],"wp:attachment":[{"href":"http:\/\/tiszaalparise.hu\/index.php?rest_route=%2Fwp%2Fv2%2Fmedia&parent=938"}],"curies":[{"name":"wp","href":"https:\/\/api.w.org\/{rel}","templated":true}]}}