{"id":935,"date":"2026-04-22T20:41:59","date_gmt":"2026-04-22T18:41:59","guid":{"rendered":"http:\/\/tiszaalparise.hu\/?page_id=935"},"modified":"2026-04-22T20:41:59","modified_gmt":"2026-04-22T18:41:59","slug":"tao-2026-2027-kezilabda","status":"publish","type":"page","link":"http:\/\/tiszaalparise.hu\/?page_id=935","title":{"rendered":"TAO &#8211; 2026\/2027 &#8211; K\u00e9zilabda"},"content":{"rendered":"\n<div data-wp-interactive=\"core\/file\" class=\"wp-block-file\"><object data-wp-bind--hidden=\"!state.hasPdfPreview\" hidden class=\"wp-block-file__embed\" data=\"http:\/\/tiszaalparise.hu\/wp-content\/uploads\/2026\/04\/SFP-kezilabda-2026-27-jovahagyo-hatarozat.pdf\" type=\"application\/pdf\" style=\"width:100%;height:600px\" aria-label=\"SFP k\u00e9zilabda 2026-27 j\u00f3v\u00e1hagy\u00f3 hat\u00e1rozat be\u00e1gyaz\u00e1sa\"><\/object><a id=\"wp-block-file--media-868f29c1-edc4-4b4a-bae0-cb01832d1038\" href=\"http:\/\/tiszaalparise.hu\/wp-content\/uploads\/2026\/04\/SFP-kezilabda-2026-27-jovahagyo-hatarozat.pdf\">SFP k\u00e9zilabda 2026-27 j\u00f3v\u00e1hagy\u00f3 hat\u00e1rozat<\/a><a href=\"http:\/\/tiszaalparise.hu\/wp-content\/uploads\/2026\/04\/SFP-kezilabda-2026-27-jovahagyo-hatarozat.pdf\" class=\"wp-block-file__button wp-element-button\" download aria-describedby=\"wp-block-file--media-868f29c1-edc4-4b4a-bae0-cb01832d1038\">Let\u00f6lt\u00e9s<\/a><\/div>\n\n\n\n<div data-wp-interactive=\"core\/file\" class=\"wp-block-file\"><object data-wp-bind--hidden=\"!state.hasPdfPreview\" hidden class=\"wp-block-file__embed\" data=\"http:\/\/tiszaalparise.hu\/wp-content\/uploads\/2026\/04\/SFP-kezilabda-2026-27.pdf\" type=\"application\/pdf\" style=\"width:100%;height:600px\" aria-label=\"SFP k\u00e9zilabda 2026-27 be\u00e1gyaz\u00e1sa\"><\/object><a id=\"wp-block-file--media-fdc1b23f-0be2-4cf4-9e37-fd066f368555\" href=\"http:\/\/tiszaalparise.hu\/wp-content\/uploads\/2026\/04\/SFP-kezilabda-2026-27.pdf\">SFP k\u00e9zilabda 2026-27<\/a><a href=\"http:\/\/tiszaalparise.hu\/wp-content\/uploads\/2026\/04\/SFP-kezilabda-2026-27.pdf\" class=\"wp-block-file__button wp-element-button\" download aria-describedby=\"wp-block-file--media-fdc1b23f-0be2-4cf4-9e37-fd066f368555\">Let\u00f6lt\u00e9s<\/a><\/div>\n","protected":false},"excerpt":{"rendered":"","protected":false},"author":178,"featured_media":0,"parent":0,"menu_order":0,"comment_status":"closed","ping_status":"closed","template":"","meta":{"colormag_page_container_layout":"default_layout","colormag_page_sidebar_layout":"default_layout","footnotes":""},"class_list":["post-935","page","type-page","status-publish","hentry"],"_links":{"self":[{"href":"http:\/\/tiszaalparise.hu\/index.php?rest_route=\/wp\/v2\/pages\/935","targetHints":{"allow":["GET"]}}],"collection":[{"href":"http:\/\/tiszaalparise.hu\/index.php?rest_route=\/wp\/v2\/pages"}],"about":[{"href":"http:\/\/tiszaalparise.hu\/index.php?rest_route=\/wp\/v2\/types\/page"}],"author":[{"embeddable":true,"href":"http:\/\/tiszaalparise.hu\/index.php?rest_route=\/wp\/v2\/users\/178"}],"replies":[{"embeddable":true,"href":"http:\/\/tiszaalparise.hu\/index.php?rest_route=%2Fwp%2Fv2%2Fcomments&post=935"}],"version-history":[{"count":1,"href":"http:\/\/tiszaalparise.hu\/index.php?rest_route=\/wp\/v2\/pages\/935\/revisions"}],"predecessor-version":[{"id":937,"href":"http:\/\/tiszaalparise.hu\/index.php?rest_route=\/wp\/v2\/pages\/935\/revisions\/937"}],"wp:attachment":[{"href":"http:\/\/tiszaalparise.hu\/index.php?rest_route=%2Fwp%2Fv2%2Fmedia&parent=935"}],"curies":[{"name":"wp","href":"https:\/\/api.w.org\/{rel}","templated":true}]}}