{"id":917,"date":"2025-05-02T15:13:33","date_gmt":"2025-05-02T13:13:33","guid":{"rendered":"http:\/\/tiszaalparise.hu\/?page_id=917"},"modified":"2025-05-02T15:14:02","modified_gmt":"2025-05-02T13:14:02","slug":"tao-2025-2026-labdarugas","status":"publish","type":"page","link":"http:\/\/tiszaalparise.hu\/?page_id=917","title":{"rendered":"TAO &#8211; 2025\/2026 &#8211; Labdar\u00fag\u00e1s"},"content":{"rendered":"\n<div class=\"wp-block-file\"><a href=\"http:\/\/tiszaalparise.hu\/wp-content\/uploads\/2025\/05\/SFP-labdarugas-2025-26.pdf\">SFP labdar\u00fag\u00e1s 2025-26<\/a><a href=\"http:\/\/tiszaalparise.hu\/wp-content\/uploads\/2025\/05\/SFP-labdarugas-2025-26.pdf\" class=\"wp-block-file__button\" download>Let\u00f6lt\u00e9s<\/a><\/div>\n\n\n\n<div class=\"wp-block-file\"><a href=\"http:\/\/tiszaalparise.hu\/wp-content\/uploads\/2025\/05\/SFP-labdarugas-2025-26-jovahagyo-hatarozat.pdf\">SFP labdar\u00fag\u00e1s 2025-26 j\u00f3v\u00e1hagy\u00f3 hat\u00e1rozat<\/a><a href=\"http:\/\/tiszaalparise.hu\/wp-content\/uploads\/2025\/05\/SFP-labdarugas-2025-26-jovahagyo-hatarozat.pdf\" class=\"wp-block-file__button\" download>Let\u00f6lt\u00e9s<\/a><\/div>\n\n\n\n<p><\/p>\n","protected":false},"excerpt":{"rendered":"","protected":false},"author":178,"featured_media":0,"parent":0,"menu_order":0,"comment_status":"closed","ping_status":"closed","template":"","meta":{"colormag_page_container_layout":"default_layout","colormag_page_sidebar_layout":"default_layout","footnotes":""},"class_list":["post-917","page","type-page","status-publish","hentry"],"_links":{"self":[{"href":"http:\/\/tiszaalparise.hu\/index.php?rest_route=\/wp\/v2\/pages\/917","targetHints":{"allow":["GET"]}}],"collection":[{"href":"http:\/\/tiszaalparise.hu\/index.php?rest_route=\/wp\/v2\/pages"}],"about":[{"href":"http:\/\/tiszaalparise.hu\/index.php?rest_route=\/wp\/v2\/types\/page"}],"author":[{"embeddable":true,"href":"http:\/\/tiszaalparise.hu\/index.php?rest_route=\/wp\/v2\/users\/178"}],"replies":[{"embeddable":true,"href":"http:\/\/tiszaalparise.hu\/index.php?rest_route=%2Fwp%2Fv2%2Fcomments&post=917"}],"version-history":[{"count":2,"href":"http:\/\/tiszaalparise.hu\/index.php?rest_route=\/wp\/v2\/pages\/917\/revisions"}],"predecessor-version":[{"id":921,"href":"http:\/\/tiszaalparise.hu\/index.php?rest_route=\/wp\/v2\/pages\/917\/revisions\/921"}],"wp:attachment":[{"href":"http:\/\/tiszaalparise.hu\/index.php?rest_route=%2Fwp%2Fv2%2Fmedia&parent=917"}],"curies":[{"name":"wp","href":"https:\/\/api.w.org\/{rel}","templated":true}]}}