{"id":909,"date":"2024-05-13T04:28:10","date_gmt":"2024-05-13T02:28:10","guid":{"rendered":"http:\/\/tiszaalparise.hu\/?page_id=909"},"modified":"2024-05-13T04:28:10","modified_gmt":"2024-05-13T02:28:10","slug":"tao-2024-2025-kezilabda","status":"publish","type":"page","link":"http:\/\/tiszaalparise.hu\/?page_id=909","title":{"rendered":"TAO &#8211; 2024\/2025 &#8211; K\u00e9zilabda"},"content":{"rendered":"\n<div class=\"wp-block-file\"><a href=\"http:\/\/tiszaalparise.hu\/wp-content\/uploads\/2024\/05\/Sportfejlesztesi-program-kezilabda-2024-25.pdf\">Sportfejleszt\u00e9si program k\u00e9zilabda 2024-25<\/a><a href=\"http:\/\/tiszaalparise.hu\/wp-content\/uploads\/2024\/05\/Sportfejlesztesi-program-kezilabda-2024-25.pdf\" class=\"wp-block-file__button\" download>Let\u00f6lt\u00e9s<\/a><\/div>\n\n\n\n<div class=\"wp-block-file\"><a href=\"http:\/\/tiszaalparise.hu\/wp-content\/uploads\/2024\/05\/Sportfejlesztesi-program-kezilabda-jovahagyo-hatarozat-2024-25.pdf\">Sportfejleszt\u00e9si program k\u00e9zilabda j\u00f3v\u00e1hagy\u00f3 hat\u00e1rozat 2024-25<\/a><a href=\"http:\/\/tiszaalparise.hu\/wp-content\/uploads\/2024\/05\/Sportfejlesztesi-program-kezilabda-jovahagyo-hatarozat-2024-25.pdf\" class=\"wp-block-file__button\" download>Let\u00f6lt\u00e9s<\/a><\/div>\n","protected":false},"excerpt":{"rendered":"","protected":false},"author":178,"featured_media":0,"parent":0,"menu_order":0,"comment_status":"closed","ping_status":"closed","template":"","meta":[],"_links":{"self":[{"href":"http:\/\/tiszaalparise.hu\/index.php?rest_route=\/wp\/v2\/pages\/909"}],"collection":[{"href":"http:\/\/tiszaalparise.hu\/index.php?rest_route=\/wp\/v2\/pages"}],"about":[{"href":"http:\/\/tiszaalparise.hu\/index.php?rest_route=\/wp\/v2\/types\/page"}],"author":[{"embeddable":true,"href":"http:\/\/tiszaalparise.hu\/index.php?rest_route=\/wp\/v2\/users\/178"}],"replies":[{"embeddable":true,"href":"http:\/\/tiszaalparise.hu\/index.php?rest_route=%2Fwp%2Fv2%2Fcomments&post=909"}],"version-history":[{"count":1,"href":"http:\/\/tiszaalparise.hu\/index.php?rest_route=\/wp\/v2\/pages\/909\/revisions"}],"predecessor-version":[{"id":911,"href":"http:\/\/tiszaalparise.hu\/index.php?rest_route=\/wp\/v2\/pages\/909\/revisions\/911"}],"wp:attachment":[{"href":"http:\/\/tiszaalparise.hu\/index.php?rest_route=%2Fwp%2Fv2%2Fmedia&parent=909"}],"curies":[{"name":"wp","href":"https:\/\/api.w.org\/{rel}","templated":true}]}}