{"id":905,"date":"2024-05-13T04:26:22","date_gmt":"2024-05-13T02:26:22","guid":{"rendered":"http:\/\/tiszaalparise.hu\/?page_id=905"},"modified":"2024-05-13T04:26:23","modified_gmt":"2024-05-13T02:26:23","slug":"tao-2024-2025-labdarugas","status":"publish","type":"page","link":"http:\/\/tiszaalparise.hu\/?page_id=905","title":{"rendered":"TAO &#8211; 2024\/2025 &#8211; Labdar\u00fag\u00e1s"},"content":{"rendered":"\n<div class=\"wp-block-file\"><a href=\"http:\/\/tiszaalparise.hu\/wp-content\/uploads\/2024\/05\/Sportfejlesztesi-program-labdarugas-2024-25.pdf\">Sportfejleszt\u00e9si program labdar\u00fag\u00e1s 2024-25<\/a><a href=\"http:\/\/tiszaalparise.hu\/wp-content\/uploads\/2024\/05\/Sportfejlesztesi-program-labdarugas-2024-25.pdf\" class=\"wp-block-file__button\" download>Let\u00f6lt\u00e9s<\/a><\/div>\n\n\n\n<div class=\"wp-block-file\"><a href=\"http:\/\/tiszaalparise.hu\/wp-content\/uploads\/2024\/05\/Sportfejlesztesi-program-labdarugas-jovahagyo-hatarozat-2024-25-1.pdf\">Sportfejlesztesi-program-labdarugas-jovahagyo-hatarozat-2024-25-1<\/a><a href=\"http:\/\/tiszaalparise.hu\/wp-content\/uploads\/2024\/05\/Sportfejlesztesi-program-labdarugas-jovahagyo-hatarozat-2024-25-1.pdf\" class=\"wp-block-file__button\" download>Let\u00f6lt\u00e9s<\/a><\/div>\n\n\n\n<p><\/p>\n","protected":false},"excerpt":{"rendered":"","protected":false},"author":178,"featured_media":0,"parent":0,"menu_order":0,"comment_status":"closed","ping_status":"closed","template":"","meta":[],"_links":{"self":[{"href":"http:\/\/tiszaalparise.hu\/index.php?rest_route=\/wp\/v2\/pages\/905"}],"collection":[{"href":"http:\/\/tiszaalparise.hu\/index.php?rest_route=\/wp\/v2\/pages"}],"about":[{"href":"http:\/\/tiszaalparise.hu\/index.php?rest_route=\/wp\/v2\/types\/page"}],"author":[{"embeddable":true,"href":"http:\/\/tiszaalparise.hu\/index.php?rest_route=\/wp\/v2\/users\/178"}],"replies":[{"embeddable":true,"href":"http:\/\/tiszaalparise.hu\/index.php?rest_route=%2Fwp%2Fv2%2Fcomments&post=905"}],"version-history":[{"count":1,"href":"http:\/\/tiszaalparise.hu\/index.php?rest_route=\/wp\/v2\/pages\/905\/revisions"}],"predecessor-version":[{"id":908,"href":"http:\/\/tiszaalparise.hu\/index.php?rest_route=\/wp\/v2\/pages\/905\/revisions\/908"}],"wp:attachment":[{"href":"http:\/\/tiszaalparise.hu\/index.php?rest_route=%2Fwp%2Fv2%2Fmedia&parent=905"}],"curies":[{"name":"wp","href":"https:\/\/api.w.org\/{rel}","templated":true}]}}