{"id":888,"date":"2023-04-05T15:35:59","date_gmt":"2023-04-05T13:35:59","guid":{"rendered":"http:\/\/tiszaalparise.hu\/?page_id=888"},"modified":"2023-04-05T15:56:23","modified_gmt":"2023-04-05T13:56:23","slug":"tao-2023-2024-kezilabda","status":"publish","type":"page","link":"http:\/\/tiszaalparise.hu\/?page_id=888","title":{"rendered":"TAO &#8211; 2023-2024 &#8211; K\u00e9zilabda"},"content":{"rendered":"\n<div class=\"wp-block-file\"><a href=\"http:\/\/tiszaalparise.hu\/wp-content\/uploads\/2023\/04\/Sportfejlesztesi-program-Kezilabda-2023-24.pdf\"><strong><em>Sportfejleszt\u00e9si program &#8211; K\u00e9zilabda &#8211; 2023-24<\/em><\/strong><\/a><a href=\"http:\/\/tiszaalparise.hu\/wp-content\/uploads\/2023\/04\/Sportfejlesztesi-program-Kezilabda-2023-24.pdf\" class=\"wp-block-file__button\" download>Let\u00f6lt\u00e9s<\/a><\/div>\n\n\n\n<div class=\"wp-block-file\"><a href=\"http:\/\/tiszaalparise.hu\/wp-content\/uploads\/2023\/04\/Sportfejlesztesi-program-Kezilabda-2023-24-Jovahagyo-hatarozat.pdf\"><strong><em>Sportfejleszt\u00e9si program &#8211; K\u00e9zilabda &#8211; 2023-24 &#8211; J\u00f3v\u00e1hagy\u00f3 hat\u00e1rozat<\/em><\/strong><\/a><a href=\"http:\/\/tiszaalparise.hu\/wp-content\/uploads\/2023\/04\/Sportfejlesztesi-program-Kezilabda-2023-24-Jovahagyo-hatarozat.pdf\" class=\"wp-block-file__button\" download>Let\u00f6lt\u00e9s<\/a><\/div>\n\n\n\n<p><\/p>\n","protected":false},"excerpt":{"rendered":"","protected":false},"author":178,"featured_media":0,"parent":0,"menu_order":0,"comment_status":"closed","ping_status":"closed","template":"","meta":{"colormag_page_container_layout":"default_layout","colormag_page_sidebar_layout":"default_layout","footnotes":""},"class_list":["post-888","page","type-page","status-publish","hentry"],"_links":{"self":[{"href":"http:\/\/tiszaalparise.hu\/index.php?rest_route=\/wp\/v2\/pages\/888","targetHints":{"allow":["GET"]}}],"collection":[{"href":"http:\/\/tiszaalparise.hu\/index.php?rest_route=\/wp\/v2\/pages"}],"about":[{"href":"http:\/\/tiszaalparise.hu\/index.php?rest_route=\/wp\/v2\/types\/page"}],"author":[{"embeddable":true,"href":"http:\/\/tiszaalparise.hu\/index.php?rest_route=\/wp\/v2\/users\/178"}],"replies":[{"embeddable":true,"href":"http:\/\/tiszaalparise.hu\/index.php?rest_route=%2Fwp%2Fv2%2Fcomments&post=888"}],"version-history":[{"count":2,"href":"http:\/\/tiszaalparise.hu\/index.php?rest_route=\/wp\/v2\/pages\/888\/revisions"}],"predecessor-version":[{"id":899,"href":"http:\/\/tiszaalparise.hu\/index.php?rest_route=\/wp\/v2\/pages\/888\/revisions\/899"}],"wp:attachment":[{"href":"http:\/\/tiszaalparise.hu\/index.php?rest_route=%2Fwp%2Fv2%2Fmedia&parent=888"}],"curies":[{"name":"wp","href":"https:\/\/api.w.org\/{rel}","templated":true}]}}