{"id":884,"date":"2023-04-05T15:34:52","date_gmt":"2023-04-05T13:34:52","guid":{"rendered":"http:\/\/tiszaalparise.hu\/?page_id=884"},"modified":"2023-04-05T15:55:37","modified_gmt":"2023-04-05T13:55:37","slug":"tao-2023-2024-labdarugas","status":"publish","type":"page","link":"http:\/\/tiszaalparise.hu\/?page_id=884","title":{"rendered":"TAO &#8211; 2023-2024 &#8211; Labdar\u00fag\u00e1s"},"content":{"rendered":"\n<div class=\"wp-block-file\"><a href=\"http:\/\/tiszaalparise.hu\/wp-content\/uploads\/2023\/04\/Sportfejlesztesi-program-Labdarugas-2023-24.pdf\"><strong><em>Sportfejleszt\u00e9si program &#8211; Labdar\u00fag\u00e1s &#8211; 2023-24<\/em><\/strong><\/a><a href=\"http:\/\/tiszaalparise.hu\/wp-content\/uploads\/2023\/04\/Sportfejlesztesi-program-Labdarugas-2023-24.pdf\" class=\"wp-block-file__button\" download>Let\u00f6lt\u00e9s<\/a><\/div>\n\n\n\n<div class=\"wp-block-file\"><a href=\"http:\/\/tiszaalparise.hu\/wp-content\/uploads\/2023\/04\/Sportfejlesztesi-program-Labdarugas-2023-24-Jovahagyo-hatarozat.pdf\"><strong><em>Sportfejleszt\u00e9si program &#8211; Labdar\u00fag\u00e1s &#8211; 2023-24 &#8211; J\u00f3v\u00e1hagy\u00f3 hat\u00e1rozat<\/em><\/strong><\/a><a href=\"http:\/\/tiszaalparise.hu\/wp-content\/uploads\/2023\/04\/Sportfejlesztesi-program-Labdarugas-2023-24-Jovahagyo-hatarozat.pdf\" class=\"wp-block-file__button\" download>Let\u00f6lt\u00e9s<\/a><\/div>\n\n\n\n<p><\/p>\n","protected":false},"excerpt":{"rendered":"","protected":false},"author":178,"featured_media":0,"parent":0,"menu_order":0,"comment_status":"closed","ping_status":"closed","template":"","meta":{"colormag_page_container_layout":"default_layout","colormag_page_sidebar_layout":"default_layout","footnotes":""},"class_list":["post-884","page","type-page","status-publish","hentry"],"_links":{"self":[{"href":"http:\/\/tiszaalparise.hu\/index.php?rest_route=\/wp\/v2\/pages\/884","targetHints":{"allow":["GET"]}}],"collection":[{"href":"http:\/\/tiszaalparise.hu\/index.php?rest_route=\/wp\/v2\/pages"}],"about":[{"href":"http:\/\/tiszaalparise.hu\/index.php?rest_route=\/wp\/v2\/types\/page"}],"author":[{"embeddable":true,"href":"http:\/\/tiszaalparise.hu\/index.php?rest_route=\/wp\/v2\/users\/178"}],"replies":[{"embeddable":true,"href":"http:\/\/tiszaalparise.hu\/index.php?rest_route=%2Fwp%2Fv2%2Fcomments&post=884"}],"version-history":[{"count":3,"href":"http:\/\/tiszaalparise.hu\/index.php?rest_route=\/wp\/v2\/pages\/884\/revisions"}],"predecessor-version":[{"id":898,"href":"http:\/\/tiszaalparise.hu\/index.php?rest_route=\/wp\/v2\/pages\/884\/revisions\/898"}],"wp:attachment":[{"href":"http:\/\/tiszaalparise.hu\/index.php?rest_route=%2Fwp%2Fv2%2Fmedia&parent=884"}],"curies":[{"name":"wp","href":"https:\/\/api.w.org\/{rel}","templated":true}]}}