{"id":870,"date":"2022-05-10T12:46:05","date_gmt":"2022-05-10T10:46:05","guid":{"rendered":"http:\/\/tiszaalparise.hu\/?page_id=870"},"modified":"2022-05-10T12:53:27","modified_gmt":"2022-05-10T10:53:27","slug":"tao-2022-2023-labdarugas","status":"publish","type":"page","link":"http:\/\/tiszaalparise.hu\/?page_id=870","title":{"rendered":"TAO &#8211; 2022-2023 &#8211; Labdar\u00fag\u00e1s"},"content":{"rendered":"\n<div class=\"wp-block-file\"><a href=\"http:\/\/tiszaalparise.hu\/wp-content\/uploads\/2022\/05\/Sportfejlesztesi-program-2022-23-Labdarugas.pdf\"><strong><em>Sportfejleszt\u00e9si program &#8211; 2022-23 &#8211; Labdar\u00fag\u00e1s<\/em><\/strong><\/a><a href=\"http:\/\/tiszaalparise.hu\/wp-content\/uploads\/2022\/05\/Sportfejlesztesi-program-2022-23-Labdarugas.pdf\" class=\"wp-block-file__button\" download>Let\u00f6lt\u00e9s<\/a><\/div>\n\n\n\n<div class=\"wp-block-file\"><a href=\"http:\/\/tiszaalparise.hu\/wp-content\/uploads\/2022\/05\/Sportfejlesztesi-program-2022-23-jovahagyo-hatarozat-Labdarugas.pdf\"><strong><em>Sportfejleszt\u00e9si program &#8211; 2022-23 &#8211; j\u00f3v\u00e1hagy\u00f3-hat\u00e1rozat &#8211; Labdar\u00fag\u00e1s<\/em><\/strong><\/a><a href=\"http:\/\/tiszaalparise.hu\/wp-content\/uploads\/2022\/05\/Sportfejlesztesi-program-2022-23-jovahagyo-hatarozat-Labdarugas.pdf\" class=\"wp-block-file__button\" download>Let\u00f6lt\u00e9s<\/a><\/div>\n\n\n\n<p><\/p>\n","protected":false},"excerpt":{"rendered":"","protected":false},"author":178,"featured_media":0,"parent":0,"menu_order":0,"comment_status":"closed","ping_status":"closed","template":"","meta":{"colormag_page_container_layout":"default_layout","colormag_page_sidebar_layout":"default_layout","footnotes":""},"class_list":["post-870","page","type-page","status-publish","hentry"],"_links":{"self":[{"href":"http:\/\/tiszaalparise.hu\/index.php?rest_route=\/wp\/v2\/pages\/870","targetHints":{"allow":["GET"]}}],"collection":[{"href":"http:\/\/tiszaalparise.hu\/index.php?rest_route=\/wp\/v2\/pages"}],"about":[{"href":"http:\/\/tiszaalparise.hu\/index.php?rest_route=\/wp\/v2\/types\/page"}],"author":[{"embeddable":true,"href":"http:\/\/tiszaalparise.hu\/index.php?rest_route=\/wp\/v2\/users\/178"}],"replies":[{"embeddable":true,"href":"http:\/\/tiszaalparise.hu\/index.php?rest_route=%2Fwp%2Fv2%2Fcomments&post=870"}],"version-history":[{"count":2,"href":"http:\/\/tiszaalparise.hu\/index.php?rest_route=\/wp\/v2\/pages\/870\/revisions"}],"predecessor-version":[{"id":881,"href":"http:\/\/tiszaalparise.hu\/index.php?rest_route=\/wp\/v2\/pages\/870\/revisions\/881"}],"wp:attachment":[{"href":"http:\/\/tiszaalparise.hu\/index.php?rest_route=%2Fwp%2Fv2%2Fmedia&parent=870"}],"curies":[{"name":"wp","href":"https:\/\/api.w.org\/{rel}","templated":true}]}}