{"id":852,"date":"2021-05-25T21:46:18","date_gmt":"2021-05-25T19:46:18","guid":{"rendered":"http:\/\/tiszaalparise.hu\/?page_id=852"},"modified":"2021-05-25T21:51:50","modified_gmt":"2021-05-25T19:51:50","slug":"tao-2021-2022-kezilabda","status":"publish","type":"page","link":"http:\/\/tiszaalparise.hu\/?page_id=852","title":{"rendered":"TAO &#8211; 2021-2022 &#8211; K\u00e9zilabda"},"content":{"rendered":"\n<div class=\"wp-block-file\"><a href=\"http:\/\/tiszaalparise.hu\/wp-content\/uploads\/2021\/05\/Sportfejlesztesi-program-2021-2022-Kezilabda.pdf\"><strong><em>Sportfejleszt\u00e9si program &#8211; 2021-2022 &#8211; K\u00e9zilabda<\/em><\/strong><\/a><a href=\"http:\/\/tiszaalparise.hu\/wp-content\/uploads\/2021\/05\/Sportfejlesztesi-program-2021-2022-Kezilabda.pdf\" class=\"wp-block-file__button\" download>Let\u00f6lt\u00e9s<\/a><\/div>\n\n\n\n<div class=\"wp-block-file\"><a href=\"http:\/\/tiszaalparise.hu\/wp-content\/uploads\/2021\/05\/Sportfejlesztesi-program-jovahagyo-hatarozat-2021-2022-Kezilabda.pdf\"><strong><em>Sportfejleszt\u00e9si program j\u00f3v\u00e1hagy\u00f3 hat\u00e1rozat &#8211; 2021-2022 &#8211; K\u00e9zilabda<\/em><\/strong><\/a><a href=\"http:\/\/tiszaalparise.hu\/wp-content\/uploads\/2021\/05\/Sportfejlesztesi-program-jovahagyo-hatarozat-2021-2022-Kezilabda.pdf\" class=\"wp-block-file__button\" download>Let\u00f6lt\u00e9s<\/a><\/div>\n\n\n\n<p><\/p>\n","protected":false},"excerpt":{"rendered":"","protected":false},"author":178,"featured_media":0,"parent":0,"menu_order":0,"comment_status":"closed","ping_status":"closed","template":"","meta":{"colormag_page_container_layout":"default_layout","colormag_page_sidebar_layout":"default_layout","footnotes":""},"class_list":["post-852","page","type-page","status-publish","hentry"],"_links":{"self":[{"href":"http:\/\/tiszaalparise.hu\/index.php?rest_route=\/wp\/v2\/pages\/852","targetHints":{"allow":["GET"]}}],"collection":[{"href":"http:\/\/tiszaalparise.hu\/index.php?rest_route=\/wp\/v2\/pages"}],"about":[{"href":"http:\/\/tiszaalparise.hu\/index.php?rest_route=\/wp\/v2\/types\/page"}],"author":[{"embeddable":true,"href":"http:\/\/tiszaalparise.hu\/index.php?rest_route=\/wp\/v2\/users\/178"}],"replies":[{"embeddable":true,"href":"http:\/\/tiszaalparise.hu\/index.php?rest_route=%2Fwp%2Fv2%2Fcomments&post=852"}],"version-history":[{"count":2,"href":"http:\/\/tiszaalparise.hu\/index.php?rest_route=\/wp\/v2\/pages\/852\/revisions"}],"predecessor-version":[{"id":861,"href":"http:\/\/tiszaalparise.hu\/index.php?rest_route=\/wp\/v2\/pages\/852\/revisions\/861"}],"wp:attachment":[{"href":"http:\/\/tiszaalparise.hu\/index.php?rest_route=%2Fwp%2Fv2%2Fmedia&parent=852"}],"curies":[{"name":"wp","href":"https:\/\/api.w.org\/{rel}","templated":true}]}}