{"id":798,"date":"2019-11-25T16:16:11","date_gmt":"2019-11-25T15:16:11","guid":{"rendered":"http:\/\/tiszaalparise.hu\/?page_id=798"},"modified":"2019-11-25T16:29:40","modified_gmt":"2019-11-25T15:29:40","slug":"tao-2019-2020-labdarugas","status":"publish","type":"page","link":"http:\/\/tiszaalparise.hu\/?page_id=798","title":{"rendered":"TAO &#8211; 2019\/2020 &#8211; Labdar\u00fag\u00e1s"},"content":{"rendered":"\n<div class=\"wp-block-file\"><a href=\"http:\/\/tiszaalparise.hu\/wp-content\/uploads\/2019\/11\/Sportfejleszt\u00e9si-program-2019-20.pdf\">Sportfejleszt\u00e9si program &#8211; 2019-20<\/a><a href=\"http:\/\/tiszaalparise.hu\/wp-content\/uploads\/2019\/11\/Sportfejleszt\u00e9si-program-2019-20.pdf\" class=\"wp-block-file__button\" download>Let\u00f6lt\u00e9s<\/a><\/div>\n\n\n\n<div class=\"wp-block-file\"><a href=\"http:\/\/tiszaalparise.hu\/wp-content\/uploads\/2019\/11\/Sportfejleszt\u00e9si-program-j\u00f3v\u00e1hagy\u00f3-hat\u00e1rozat-2019-20.pdf\">Sportfejleszt\u00e9si program j\u00f3v\u00e1hagy\u00f3 hat\u00e1rozat &#8211; 2019-20<\/a><a href=\"http:\/\/tiszaalparise.hu\/wp-content\/uploads\/2019\/11\/Sportfejleszt\u00e9si-program-j\u00f3v\u00e1hagy\u00f3-hat\u00e1rozat-2019-20.pdf\" class=\"wp-block-file__button\" download>Let\u00f6lt\u00e9s<\/a><\/div>\n","protected":false},"excerpt":{"rendered":"","protected":false},"author":178,"featured_media":0,"parent":381,"menu_order":0,"comment_status":"closed","ping_status":"closed","template":"","meta":{"colormag_page_container_layout":"default_layout","colormag_page_sidebar_layout":"default_layout","footnotes":""},"class_list":["post-798","page","type-page","status-publish","hentry"],"_links":{"self":[{"href":"http:\/\/tiszaalparise.hu\/index.php?rest_route=\/wp\/v2\/pages\/798","targetHints":{"allow":["GET"]}}],"collection":[{"href":"http:\/\/tiszaalparise.hu\/index.php?rest_route=\/wp\/v2\/pages"}],"about":[{"href":"http:\/\/tiszaalparise.hu\/index.php?rest_route=\/wp\/v2\/types\/page"}],"author":[{"embeddable":true,"href":"http:\/\/tiszaalparise.hu\/index.php?rest_route=\/wp\/v2\/users\/178"}],"replies":[{"embeddable":true,"href":"http:\/\/tiszaalparise.hu\/index.php?rest_route=%2Fwp%2Fv2%2Fcomments&post=798"}],"version-history":[{"count":2,"href":"http:\/\/tiszaalparise.hu\/index.php?rest_route=\/wp\/v2\/pages\/798\/revisions"}],"predecessor-version":[{"id":806,"href":"http:\/\/tiszaalparise.hu\/index.php?rest_route=\/wp\/v2\/pages\/798\/revisions\/806"}],"up":[{"embeddable":true,"href":"http:\/\/tiszaalparise.hu\/index.php?rest_route=\/wp\/v2\/pages\/381"}],"wp:attachment":[{"href":"http:\/\/tiszaalparise.hu\/index.php?rest_route=%2Fwp%2Fv2%2Fmedia&parent=798"}],"curies":[{"name":"wp","href":"https:\/\/api.w.org\/{rel}","templated":true}]}}