{"id":558,"date":"2018-12-14T04:57:01","date_gmt":"2018-12-14T04:57:01","guid":{"rendered":"http:\/\/tiszaalparise.hu\/?page_id=558"},"modified":"2018-12-14T05:02:13","modified_gmt":"2018-12-14T05:02:13","slug":"tao-20182019-kezilabda","status":"publish","type":"page","link":"http:\/\/tiszaalparise.hu\/?page_id=558","title":{"rendered":"TAO &#8211; 2018\/2019 &#8211; K\u00e9zilabda"},"content":{"rendered":"<p><em><span style=\"font-size: large;\"><a href=\"http:\/\/tiszaalparise.hu\/wp-content\/uploads\/2018\/12\/Sportfejleszt\u00e9si-program-\u2013-2018-19-K\u00e9zilabda.pdf\">Sportfejleszt\u00e9si program \u2013 2018-19 &#8211; K\u00e9zilabda<\/a> <\/span><\/em><\/p>\n<p><em><span style=\"font-size: large;\"><a href=\"http:\/\/tiszaalparise.hu\/wp-content\/uploads\/2018\/12\/Sportfejleszt\u00e9si-program-j\u00f3v\u00e1hagy\u00f3-hat\u00e1rozat-\u2013-2018-2019-K\u00e9zilabda.pdf\">Sportfejleszt\u00e9si program j\u00f3v\u00e1hagy\u00f3 hat\u00e1rozat \u2013 2018-2019 &#8211; K\u00e9zilabda<\/a><\/span><\/em><\/p>\n","protected":false},"excerpt":{"rendered":"<p>Sportfejleszt\u00e9si program \u2013 2018-19 &#8211; K\u00e9zilabda Sportfejleszt\u00e9si program j\u00f3v\u00e1hagy\u00f3 hat\u00e1rozat \u2013 2018-2019 &#8211; K\u00e9zilabda<\/p>\n","protected":false},"author":178,"featured_media":0,"parent":0,"menu_order":0,"comment_status":"open","ping_status":"open","template":"","meta":{"colormag_page_container_layout":"default_layout","colormag_page_sidebar_layout":"default_layout","footnotes":""},"class_list":["post-558","page","type-page","status-publish","hentry"],"_links":{"self":[{"href":"http:\/\/tiszaalparise.hu\/index.php?rest_route=\/wp\/v2\/pages\/558","targetHints":{"allow":["GET"]}}],"collection":[{"href":"http:\/\/tiszaalparise.hu\/index.php?rest_route=\/wp\/v2\/pages"}],"about":[{"href":"http:\/\/tiszaalparise.hu\/index.php?rest_route=\/wp\/v2\/types\/page"}],"author":[{"embeddable":true,"href":"http:\/\/tiszaalparise.hu\/index.php?rest_route=\/wp\/v2\/users\/178"}],"replies":[{"embeddable":true,"href":"http:\/\/tiszaalparise.hu\/index.php?rest_route=%2Fwp%2Fv2%2Fcomments&post=558"}],"version-history":[{"count":2,"href":"http:\/\/tiszaalparise.hu\/index.php?rest_route=\/wp\/v2\/pages\/558\/revisions"}],"predecessor-version":[{"id":563,"href":"http:\/\/tiszaalparise.hu\/index.php?rest_route=\/wp\/v2\/pages\/558\/revisions\/563"}],"wp:attachment":[{"href":"http:\/\/tiszaalparise.hu\/index.php?rest_route=%2Fwp%2Fv2%2Fmedia&parent=558"}],"curies":[{"name":"wp","href":"https:\/\/api.w.org\/{rel}","templated":true}]}}