{"id":546,"date":"2018-12-02T13:47:00","date_gmt":"2018-12-02T13:47:00","guid":{"rendered":"http:\/\/tiszaalparise.hu\/?page_id=546"},"modified":"2018-12-05T15:32:50","modified_gmt":"2018-12-05T15:32:50","slug":"tao-20182019-labdarugas","status":"publish","type":"page","link":"http:\/\/tiszaalparise.hu\/?page_id=546","title":{"rendered":"TAO &#8211; 2018\/2019 &#8211; Labdar\u00fag\u00e1s"},"content":{"rendered":"<p><em><span style=\"font-size: large;\"><a href=\"http:\/\/tiszaalparise.hu\/wp-content\/uploads\/2018\/12\/Sportfejleszt\u00e9si-program-2018-19.pdf\">Sportfejleszt\u00e9si program &#8211; 2018-19<\/a><\/span><\/em><\/p>\n<p><em><span style=\"font-size: large;\"><a href=\"http:\/\/tiszaalparise.hu\/wp-content\/uploads\/2018\/12\/Sportfejleszt\u00e9si-program-j\u00f3v\u00e1hagy\u00f3-hat\u00e1rozat-2018-2019.pdf\">Sportfejleszt\u00e9si program j\u00f3v\u00e1hagy\u00f3 hat\u00e1rozat &#8211; 2018-2019<\/a><\/span><\/em><\/p>\n","protected":false},"excerpt":{"rendered":"<p>Sportfejleszt\u00e9si program &#8211; 2018-19 Sportfejleszt\u00e9si program j\u00f3v\u00e1hagy\u00f3 hat\u00e1rozat &#8211; 2018-2019<\/p>\n","protected":false},"author":178,"featured_media":0,"parent":0,"menu_order":0,"comment_status":"open","ping_status":"open","template":"","meta":{"colormag_page_container_layout":"default_layout","colormag_page_sidebar_layout":"default_layout","footnotes":""},"class_list":["post-546","page","type-page","status-publish","hentry"],"_links":{"self":[{"href":"http:\/\/tiszaalparise.hu\/index.php?rest_route=\/wp\/v2\/pages\/546","targetHints":{"allow":["GET"]}}],"collection":[{"href":"http:\/\/tiszaalparise.hu\/index.php?rest_route=\/wp\/v2\/pages"}],"about":[{"href":"http:\/\/tiszaalparise.hu\/index.php?rest_route=\/wp\/v2\/types\/page"}],"author":[{"embeddable":true,"href":"http:\/\/tiszaalparise.hu\/index.php?rest_route=\/wp\/v2\/users\/178"}],"replies":[{"embeddable":true,"href":"http:\/\/tiszaalparise.hu\/index.php?rest_route=%2Fwp%2Fv2%2Fcomments&post=546"}],"version-history":[{"count":3,"href":"http:\/\/tiszaalparise.hu\/index.php?rest_route=\/wp\/v2\/pages\/546\/revisions"}],"predecessor-version":[{"id":556,"href":"http:\/\/tiszaalparise.hu\/index.php?rest_route=\/wp\/v2\/pages\/546\/revisions\/556"}],"wp:attachment":[{"href":"http:\/\/tiszaalparise.hu\/index.php?rest_route=%2Fwp%2Fv2%2Fmedia&parent=546"}],"curies":[{"name":"wp","href":"https:\/\/api.w.org\/{rel}","templated":true}]}}