{"id":484,"date":"2018-02-07T09:57:02","date_gmt":"2018-02-07T09:57:02","guid":{"rendered":"http:\/\/tiszaalparise.hu\/?page_id=484"},"modified":"2018-02-07T09:57:02","modified_gmt":"2018-02-07T09:57:02","slug":"felnott","status":"publish","type":"page","link":"http:\/\/tiszaalparise.hu\/?page_id=484","title":{"rendered":"Feln\u0151tt"},"content":{"rendered":"<p>Felt\u00f6lt\u00e9s alatt&#8230;<\/p>\n","protected":false},"excerpt":{"rendered":"<p>Felt\u00f6lt\u00e9s alatt&#8230;<\/p>\n","protected":false},"author":178,"featured_media":410,"parent":0,"menu_order":0,"comment_status":"open","ping_status":"open","template":"","meta":[],"_links":{"self":[{"href":"http:\/\/tiszaalparise.hu\/index.php?rest_route=\/wp\/v2\/pages\/484"}],"collection":[{"href":"http:\/\/tiszaalparise.hu\/index.php?rest_route=\/wp\/v2\/pages"}],"about":[{"href":"http:\/\/tiszaalparise.hu\/index.php?rest_route=\/wp\/v2\/types\/page"}],"author":[{"embeddable":true,"href":"http:\/\/tiszaalparise.hu\/index.php?rest_route=\/wp\/v2\/users\/178"}],"replies":[{"embeddable":true,"href":"http:\/\/tiszaalparise.hu\/index.php?rest_route=%2Fwp%2Fv2%2Fcomments&post=484"}],"version-history":[{"count":1,"href":"http:\/\/tiszaalparise.hu\/index.php?rest_route=\/wp\/v2\/pages\/484\/revisions"}],"predecessor-version":[{"id":485,"href":"http:\/\/tiszaalparise.hu\/index.php?rest_route=\/wp\/v2\/pages\/484\/revisions\/485"}],"wp:featuredmedia":[{"embeddable":true,"href":"http:\/\/tiszaalparise.hu\/index.php?rest_route=\/wp\/v2\/media\/410"}],"wp:attachment":[{"href":"http:\/\/tiszaalparise.hu\/index.php?rest_route=%2Fwp%2Fv2%2Fmedia&parent=484"}],"curies":[{"name":"wp","href":"https:\/\/api.w.org\/{rel}","templated":true}]}}