{"id":400,"date":"2017-12-05T07:45:34","date_gmt":"2017-12-05T07:45:34","guid":{"rendered":"http:\/\/tiszaalparise.hu\/?page_id=400"},"modified":"2017-12-05T18:45:27","modified_gmt":"2017-12-05T18:45:27","slug":"20172018-labdarugas","status":"publish","type":"page","link":"http:\/\/tiszaalparise.hu\/?page_id=400","title":{"rendered":"TAO &#8211; 2017\/2018 &#8211; Labdar\u00fag\u00e1s"},"content":{"rendered":"<p><span style=\"font-size: large;\"><em><a href=\"http:\/\/tiszaalparise.hu\/wp-content\/uploads\/2017\/12\/Sportfejleszt\u00e9si-program-2017-18.pdf\">Sportfejleszt\u00e9si program &#8211; 2017-18<\/a> <\/em><\/span><\/p>\n<p><span style=\"font-size: large;\"><em><a href=\"http:\/\/tiszaalparise.hu\/wp-content\/uploads\/2017\/12\/Sportfejleszt\u00e9si-program-j\u00f3v\u00e1hagy\u00f3-hat\u00e1rozat-2017-18.pdf\">Sportfejleszt\u00e9si program j\u00f3v\u00e1hagy\u00f3 hat\u00e1rozat &#8211; 2017-18<\/a><\/em><\/span><\/p>\n","protected":false},"excerpt":{"rendered":"<p>Sportfejleszt\u00e9si program &#8211; 2017-18 Sportfejleszt\u00e9si program j\u00f3v\u00e1hagy\u00f3 hat\u00e1rozat &#8211; 2017-18<\/p>\n","protected":false},"author":178,"featured_media":0,"parent":0,"menu_order":0,"comment_status":"open","ping_status":"open","template":"","meta":{"colormag_page_container_layout":"default_layout","colormag_page_sidebar_layout":"default_layout","footnotes":""},"class_list":["post-400","page","type-page","status-publish","hentry"],"_links":{"self":[{"href":"http:\/\/tiszaalparise.hu\/index.php?rest_route=\/wp\/v2\/pages\/400","targetHints":{"allow":["GET"]}}],"collection":[{"href":"http:\/\/tiszaalparise.hu\/index.php?rest_route=\/wp\/v2\/pages"}],"about":[{"href":"http:\/\/tiszaalparise.hu\/index.php?rest_route=\/wp\/v2\/types\/page"}],"author":[{"embeddable":true,"href":"http:\/\/tiszaalparise.hu\/index.php?rest_route=\/wp\/v2\/users\/178"}],"replies":[{"embeddable":true,"href":"http:\/\/tiszaalparise.hu\/index.php?rest_route=%2Fwp%2Fv2%2Fcomments&post=400"}],"version-history":[{"count":3,"href":"http:\/\/tiszaalparise.hu\/index.php?rest_route=\/wp\/v2\/pages\/400\/revisions"}],"predecessor-version":[{"id":444,"href":"http:\/\/tiszaalparise.hu\/index.php?rest_route=\/wp\/v2\/pages\/400\/revisions\/444"}],"wp:attachment":[{"href":"http:\/\/tiszaalparise.hu\/index.php?rest_route=%2Fwp%2Fv2%2Fmedia&parent=400"}],"curies":[{"name":"wp","href":"https:\/\/api.w.org\/{rel}","templated":true}]}}