{"id":386,"date":"2017-12-05T07:42:44","date_gmt":"2017-12-05T07:42:44","guid":{"rendered":"http:\/\/tiszaalparise.hu\/?page_id=386"},"modified":"2017-12-18T06:39:49","modified_gmt":"2017-12-18T06:39:49","slug":"20172018-2","status":"publish","type":"page","link":"http:\/\/tiszaalparise.hu\/?page_id=386","title":{"rendered":"TAO &#8211; 2017\/2018 &#8211; K\u00e9zilabda"},"content":{"rendered":"<p><span style=\"font-size: large;\"><em><a href=\"http:\/\/tiszaalparise.hu\/wp-content\/uploads\/2017\/12\/Sportfejleszt\u00e9si-program-j\u00f3v\u00e1hagy\u00f3-hat\u00e1rozat-2017-2018.pdf\">Sportfejleszt\u00e9si program j\u00f3v\u00e1hagy\u00f3 hat\u00e1rozat &#8211; 2017-2018<\/a><\/em><\/span><\/p>\n<p><span style=\"font-size: large;\"><em><a href=\"http:\/\/tiszaalparise.hu\/wp-content\/uploads\/2017\/12\/Sportfejleszt\u00e9si-program-2017-2018.pdf\">Sportfejleszt\u00e9si program &#8211; 2017-2018<\/a><\/em><\/span><\/p>\n<p><em><span style=\"font-size: large;\"><a href=\"http:\/\/tiszaalparise.hu\/wp-content\/uploads\/2017\/12\/A-megval\u00f3s\u00edtand\u00f3-k\u00fclt\u00e9ri-k\u00e9zilabdap\u00e1lya-r\u00e9szletes-k\u00f6lts\u00e9gterve.pdf\">A megval\u00f3s\u00edtand\u00f3 k\u00fclt\u00e9ri k\u00e9zilabdap\u00e1lya r\u00e9szletes k\u00f6lts\u00e9gterve<\/a><\/span><\/em><\/p>\n","protected":false},"excerpt":{"rendered":"<p>Sportfejleszt\u00e9si program j\u00f3v\u00e1hagy\u00f3 hat\u00e1rozat &#8211; 2017-2018 Sportfejleszt\u00e9si program &#8211; 2017-2018 A megval\u00f3s\u00edtand\u00f3 k\u00fclt\u00e9ri k\u00e9zilabdap\u00e1lya r\u00e9szletes k\u00f6lts\u00e9gterve<\/p>\n","protected":false},"author":178,"featured_media":0,"parent":0,"menu_order":0,"comment_status":"open","ping_status":"open","template":"","meta":{"colormag_page_container_layout":"default_layout","colormag_page_sidebar_layout":"default_layout","footnotes":""},"class_list":["post-386","page","type-page","status-publish","hentry"],"_links":{"self":[{"href":"http:\/\/tiszaalparise.hu\/index.php?rest_route=\/wp\/v2\/pages\/386","targetHints":{"allow":["GET"]}}],"collection":[{"href":"http:\/\/tiszaalparise.hu\/index.php?rest_route=\/wp\/v2\/pages"}],"about":[{"href":"http:\/\/tiszaalparise.hu\/index.php?rest_route=\/wp\/v2\/types\/page"}],"author":[{"embeddable":true,"href":"http:\/\/tiszaalparise.hu\/index.php?rest_route=\/wp\/v2\/users\/178"}],"replies":[{"embeddable":true,"href":"http:\/\/tiszaalparise.hu\/index.php?rest_route=%2Fwp%2Fv2%2Fcomments&post=386"}],"version-history":[{"count":8,"href":"http:\/\/tiszaalparise.hu\/index.php?rest_route=\/wp\/v2\/pages\/386\/revisions"}],"predecessor-version":[{"id":463,"href":"http:\/\/tiszaalparise.hu\/index.php?rest_route=\/wp\/v2\/pages\/386\/revisions\/463"}],"wp:attachment":[{"href":"http:\/\/tiszaalparise.hu\/index.php?rest_route=%2Fwp%2Fv2%2Fmedia&parent=386"}],"curies":[{"name":"wp","href":"https:\/\/api.w.org\/{rel}","templated":true}]}}