{"id":319,"date":"2016-12-04T17:26:55","date_gmt":"2016-12-04T17:26:55","guid":{"rendered":"http:\/\/tiszaalparise.hu\/?page_id=319"},"modified":"2016-12-04T17:43:44","modified_gmt":"2016-12-04T17:43:44","slug":"vezetoseg-2","status":"publish","type":"page","link":"http:\/\/tiszaalparise.hu\/?page_id=319","title":{"rendered":"Vezet\u0151s\u00e9g"},"content":{"rendered":"<p><strong><span style=\"font-size: medium;\">Tiszaalp\u00e1ri Sportegyes\u00fclet<\/span><\/strong><\/p>\n<p><strong>Eln\u00f6k<\/strong><\/p>\n<p>Par\u00e1di L\u00e1szl\u00f3<br \/>\nTel.: +3620\/493-1054<\/p>\n<p>&nbsp;<\/p>\n","protected":false},"excerpt":{"rendered":"<p>Tiszaalp\u00e1ri Sportegyes\u00fclet Eln\u00f6k Par\u00e1di L\u00e1szl\u00f3 Tel.: +3620\/493-1054 &nbsp;<\/p>\n","protected":false},"author":1,"featured_media":0,"parent":0,"menu_order":0,"comment_status":"closed","ping_status":"closed","template":"","meta":{"colormag_page_container_layout":"default_layout","colormag_page_sidebar_layout":"default_layout","footnotes":""},"class_list":["post-319","page","type-page","status-publish","hentry"],"_links":{"self":[{"href":"http:\/\/tiszaalparise.hu\/index.php?rest_route=\/wp\/v2\/pages\/319","targetHints":{"allow":["GET"]}}],"collection":[{"href":"http:\/\/tiszaalparise.hu\/index.php?rest_route=\/wp\/v2\/pages"}],"about":[{"href":"http:\/\/tiszaalparise.hu\/index.php?rest_route=\/wp\/v2\/types\/page"}],"author":[{"embeddable":true,"href":"http:\/\/tiszaalparise.hu\/index.php?rest_route=\/wp\/v2\/users\/1"}],"replies":[{"embeddable":true,"href":"http:\/\/tiszaalparise.hu\/index.php?rest_route=%2Fwp%2Fv2%2Fcomments&post=319"}],"version-history":[{"count":2,"href":"http:\/\/tiszaalparise.hu\/index.php?rest_route=\/wp\/v2\/pages\/319\/revisions"}],"predecessor-version":[{"id":332,"href":"http:\/\/tiszaalparise.hu\/index.php?rest_route=\/wp\/v2\/pages\/319\/revisions\/332"}],"wp:attachment":[{"href":"http:\/\/tiszaalparise.hu\/index.php?rest_route=%2Fwp%2Fv2%2Fmedia&parent=319"}],"curies":[{"name":"wp","href":"https:\/\/api.w.org\/{rel}","templated":true}]}}