{"id":310,"date":"2016-12-04T17:02:15","date_gmt":"2016-12-04T17:02:15","guid":{"rendered":"http:\/\/tiszaalparise.hu\/?page_id=310"},"modified":"2019-05-21T09:34:29","modified_gmt":"2019-05-21T09:34:29","slug":"kapcsolat-2","status":"publish","type":"page","link":"http:\/\/tiszaalparise.hu\/?page_id=310","title":{"rendered":"Kapcsolat"},"content":{"rendered":"<p style=\"text-align: center;\"><span style=\"font-size: medium;\"><strong>Tiszaalp\u00e1ri Sportegyes\u00fclet<\/strong><\/span><\/p>\n<p style=\"text-align: center;\">6066 Tiszaalp\u00e1r, Szent Imre t\u00e9r 15\/b<\/p>\n<p style=\"text-align: center;\">Tel.: +36-20\/493-1054<\/p>\n<p style=\"text-align: center;\">E-mail.: tiszaalparse@gmail.com<\/p>\n<p>&nbsp;<\/p>\n<p>&nbsp;<\/p>\n<p><center><iframe loading=\"lazy\" style=\"border: 0;\" src=\"https:\/\/www.google.com\/maps\/embed?pb=!1m18!1m12!1m3!1d2730.1703414271124!2d19.987799815093144!3d46.8206466291404!2m3!1f0!2f0!3f0!3m2!1i1024!2i768!4f13.1!3m3!1m2!1s0x4743e5c995535f05%3A0x8bf3c87af95ae9a7!2zVGlzemFhbHDDoXIsIFRpc3phYWxww6FyaSBmb2NpcMOhbHlhLCA2MDY2!5e0!3m2!1shu!2shu!4v1480871880457\" height=\"300\" width=\"400\" allowfullscreen=\"\" frameborder=\"0\"><\/iframe><\/center><\/p>\n","protected":false},"excerpt":{"rendered":"<p>Tiszaalp\u00e1ri Sportegyes\u00fclet 6066 Tiszaalp\u00e1r, Szent Imre t\u00e9r 15\/b Tel.: +36-20\/493-1054 E-mail.: tiszaalparse@gmail.com &nbsp; &nbsp;<\/p>\n","protected":false},"author":1,"featured_media":0,"parent":0,"menu_order":0,"comment_status":"closed","ping_status":"closed","template":"","meta":{"colormag_page_container_layout":"default_layout","colormag_page_sidebar_layout":"default_layout","footnotes":""},"class_list":["post-310","page","type-page","status-publish","hentry"],"_links":{"self":[{"href":"http:\/\/tiszaalparise.hu\/index.php?rest_route=\/wp\/v2\/pages\/310","targetHints":{"allow":["GET"]}}],"collection":[{"href":"http:\/\/tiszaalparise.hu\/index.php?rest_route=\/wp\/v2\/pages"}],"about":[{"href":"http:\/\/tiszaalparise.hu\/index.php?rest_route=\/wp\/v2\/types\/page"}],"author":[{"embeddable":true,"href":"http:\/\/tiszaalparise.hu\/index.php?rest_route=\/wp\/v2\/users\/1"}],"replies":[{"embeddable":true,"href":"http:\/\/tiszaalparise.hu\/index.php?rest_route=%2Fwp%2Fv2%2Fcomments&post=310"}],"version-history":[{"count":8,"href":"http:\/\/tiszaalparise.hu\/index.php?rest_route=\/wp\/v2\/pages\/310\/revisions"}],"predecessor-version":[{"id":617,"href":"http:\/\/tiszaalparise.hu\/index.php?rest_route=\/wp\/v2\/pages\/310\/revisions\/617"}],"wp:attachment":[{"href":"http:\/\/tiszaalparise.hu\/index.php?rest_route=%2Fwp%2Fv2%2Fmedia&parent=310"}],"curies":[{"name":"wp","href":"https:\/\/api.w.org\/{rel}","templated":true}]}}